{"id":194,"date":"2011-01-06T12:40:50","date_gmt":"2011-01-06T12:40:50","guid":{"rendered":"http:\/\/www.42810.de\/Teucherbau\/?page_id=194"},"modified":"2022-08-22T10:14:21","modified_gmt":"2022-08-22T08:14:21","slug":"uber-uns","status":"publish","type":"page","link":"https:\/\/teucher-bau.de\/?page_id=194","title":{"rendered":"Das Unternehmen"},"content":{"rendered":"\n<h1 class=\"has-text-align-center\"><strong>Handwerk ist LEIDENSCHAFT<\/strong><\/h1>\n\n\n\n<p align=\"justify\">Im Jahr 1991 setzten Roland und Christine Teucher den Grundstein f\u00fcr das Baugesch\u00e4ft. Anf\u00e4nglich wurde das regionale Bauunternehmen als privates Einzelunternehmen mit 5 Mitarbeitenden organisiert. \u00dcber die Jahre wurde nicht nur das Leistungsangebot in den Bereichen Hoch- und Tiefbau kontinuierlich ausgebaut, auch die Anzahl der Besch\u00e4ftigten bei Teucher Bau stieg auf 30 Fachkr\u00e4fte. Das mittelst\u00e4ndige Bauunternehmen ist ans\u00e4ssig im Erzgebirgskreis.<\/p>\n\n\n\n<div class=\"wp-block-image\"><figure class=\"aligncenter size-full is-resized\"><a href=\"https:\/\/teucher-bau.de\/wp-content\/uploads\/2011\/02\/3.jpg\"><img src=\"https:\/\/teucher-bau.de\/wp-content\/uploads\/2011\/02\/3.jpg\" alt=\"\" class=\"wp-image-590\" width=\"1600\" srcset=\"https:\/\/teucher-bau.de\/wp-content\/uploads\/2011\/02\/3.jpg 960w, https:\/\/teucher-bau.de\/wp-content\/uploads\/2011\/02\/3-300x115.jpg 300w\" sizes=\"(max-width: 960px) 100vw, 960px\" \/><\/a><\/figure><\/div>\n\n\n\n<p align=\"justify\">>Mit dem Baugesch\u00e4ft Roland Teucher haben Sie einen starken Partner f\u00fcr die Realisierung Ihrer Wohntr\u00e4ume an Ihrer Seite. Mit unserem umfangreichen Leistungsangebot bieten wir Ihnen f\u00fcr jedes Bauvorhaben die entsprechende Kompetenz. Egal ob Sie neue Ideen f\u00fcr die Gestaltung Ihrer Gartenanlage haben, eine Sanierung von Pflaster- und Wegfl\u00e4chen ben\u00f6tigen oder Ihre Pl\u00e4ne gr\u00f6\u00dfer sind und Sie vielleicht von einem Eigenheim in unserer wundervollen Erzgebirgsregion tr\u00e4umen.<\/p>\n\n\n\n<div class=\"wp-block-image\"><figure class=\"aligncenter size-large is-resized\"><a href=\"https:\/\/teucher-bau.de\/wp-content\/uploads\/2022\/08\/TBHaus.jpg\"><img src=\"https:\/\/teucher-bau.de\/wp-content\/uploads\/2022\/08\/TBHaus-1024x550.jpg\" alt=\"\" class=\"wp-image-3649\" width=\"1600\" srcset=\"https:\/\/teucher-bau.de\/wp-content\/uploads\/2022\/08\/TBHaus-1024x550.jpg 1024w, https:\/\/teucher-bau.de\/wp-content\/uploads\/2022\/08\/TBHaus-300x161.jpg 300w, https:\/\/teucher-bau.de\/wp-content\/uploads\/2022\/08\/TBHaus-768x413.jpg 768w, https:\/\/teucher-bau.de\/wp-content\/uploads\/2022\/08\/TBHaus-216x116.jpg 216w, https:\/\/teucher-bau.de\/wp-content\/uploads\/2022\/08\/TBHaus.jpg 1184w\" sizes=\"(max-width: 1024px) 100vw, 1024px\" \/><\/a><\/figure><\/div>\n\n\n\n<p align=\"justify\">Wir bieten Ihnen individuelle L\u00f6sungen auf Ihre Bed\u00fcrfnisse zugeschnitten in Handwerksqualit\u00e4t. Das Team von Teucher-Bau besteht aus Fachhandwerker die Ihr Handwerk lieben und \u00fcber langj\u00e4hrige Erfahrung verf\u00fcgen. Diese Kompetenzen erm\u00f6glichen es uns Ihre individuellen W\u00fcnsche zu realisieren.<\/p>\n\n\n\n<div class=\"wp-block-image\"><figure class=\"aligncenter size-full\"><a href=\"https:\/\/teucher-bau.de\/wp-content\/uploads\/2017\/09\/TBA_8572.jpg\"><img loading=\"lazy\" width=\"1600\" height=\"1067\" src=\"https:\/\/teucher-bau.de\/wp-content\/uploads\/2017\/09\/TBA_8572.jpg\" alt=\"\" class=\"wp-image-792\" srcset=\"https:\/\/teucher-bau.de\/wp-content\/uploads\/2017\/09\/TBA_8572.jpg 1600w, https:\/\/teucher-bau.de\/wp-content\/uploads\/2017\/09\/TBA_8572-300x200.jpg 300w, https:\/\/teucher-bau.de\/wp-content\/uploads\/2017\/09\/TBA_8572-480x320.jpg 480w, https:\/\/teucher-bau.de\/wp-content\/uploads\/2017\/09\/TBA_8572-680x453.jpg 680w, https:\/\/teucher-bau.de\/wp-content\/uploads\/2017\/09\/TBA_8572-540x360.jpg 540w\" sizes=\"(max-width: 1600px) 100vw, 1600px\" \/><\/a><\/figure><\/div>\n\n\n\n<h1 class=\"has-text-align-center\"><strong>Handwerk ist ZUKUNFT<\/strong><\/h1>\n\n\n\n<p align=\"justify\">In der heutigen Zeit lassen sich viele Produkte und Dienstleistungen online verkaufen. Das ist nicht nur komfortabel, sondern auch in manchen Situationen echt hilfreich. Doch eben nicht alles l\u00e4sst sich in einem Online Shop verkaufen.<\/p>\n\n\n\n<p align=\"justify\">Aus diesem Grund besitzt das Baugesch\u00e4ft Roland Teucher ein umfangreiches Netzwerk aus Lieferanten, Produzenten und Partner welche im Erzgebirge ans\u00e4ssig sind. So werden die traditionsreichen Betriebe im Erzgebirge durch jeden Auftrag unterst\u00fctzt und ein positiver Beitrag f\u00fcr die Wirtschaft der Erzgebirgsregion geschaffen.<\/p>\n\n\n\n<div class=\"wp-block-image\"><figure class=\"aligncenter size-full is-resized\"><a href=\"https:\/\/teucher-bau.de\/wp-content\/uploads\/2011\/01\/IMGP0315.jpg\"><img src=\"https:\/\/teucher-bau.de\/wp-content\/uploads\/2011\/01\/IMGP0315.jpg\" alt=\"\" class=\"wp-image-609\" width=\"1600\"\/><\/a><\/figure><\/div>\n\n\n\n<h1 class=\"has-text-align-center\"><strong>Handwerk ist DEINE ZUKUNFT<\/strong><\/h1>\n\n\n\n<p align=\"justify\">Handwerk lebt von der Kreativit\u00e4t und Individualit\u00e4t \u2013 Handwerk ist einzigartig und vielf\u00e4ltig. Aus diesem Grund ist es wichtig das eine traditionsreiche Handwerkskunst an junge Talente weitergegeben wird.<\/p>\n\n\n\n<p align=\"justify\">Das Team von Teucher Bau wird durch Meister im Bereich Stra\u00dfenbau, Maurer und Zimmerer komplementiert. Wir sind stetig auf der Suche nach Jungen Talenten, welche ein Herz f\u00fcr Handwerk und das Erzgebirge besitzen.<\/p>\n\n\n\n<p>Werde Teil unseres Teams von Teucher Bau&nbsp;\u2013&nbsp; Wir bilden aus + stellen ein \u2013<\/p>\n\n\n\n<figure class=\"wp-block-image size-large is-resized\"><a href=\"https:\/\/teucher-bau.de\/wp-content\/uploads\/2022\/08\/TeucherBauPlane.jpg\"><img src=\"https:\/\/teucher-bau.de\/wp-content\/uploads\/2022\/08\/TeucherBauPlane-1024x538.jpg\" alt=\"\" class=\"wp-image-3654\" width=\"1600\" srcset=\"https:\/\/teucher-bau.de\/wp-content\/uploads\/2022\/08\/TeucherBauPlane-1024x538.jpg 1024w, https:\/\/teucher-bau.de\/wp-content\/uploads\/2022\/08\/TeucherBauPlane-300x158.jpg 300w, https:\/\/teucher-bau.de\/wp-content\/uploads\/2022\/08\/TeucherBauPlane-768x404.jpg 768w, https:\/\/teucher-bau.de\/wp-content\/uploads\/2022\/08\/TeucherBauPlane-1536x807.jpg 1536w, https:\/\/teucher-bau.de\/wp-content\/uploads\/2022\/08\/TeucherBauPlane-221x116.jpg 221w, https:\/\/teucher-bau.de\/wp-content\/uploads\/2022\/08\/TeucherBauPlane.jpg 1600w\" sizes=\"(max-width: 1024px) 100vw, 1024px\" \/><\/a><\/figure>\n\n\n\n<p>Unsere Berufsfelder mit Perspektive f\u00fcr eine Ausbildung oder eine Festeinstellung<\/p>\n\n\n\n<ul><li>Maurer (M\/W\/D)<\/li><li>Tiefbaufacharbeiter (M\/W\/D)<\/li><li>Stra\u00dfenbauer (M\/W\/D)<\/li><li>Hochbaufacharbeiter (M\/W\/D)<\/li><li>Kanalbauer (M\/W\/D)<\/li><li>Bauger\u00e4tef\u00fchrer (M\/W\/D)<\/li><li>Rohrleitungsbauer (M\/W\/D)<\/li><\/ul>\n\n\n\n<p>Wir freuen uns \u00fcber deinen Kontakt&nbsp;&nbsp;<img loading=\"lazy\" width=\"300\" height=\"300\" class=\"wp-image-3637\" style=\"width: 20px;\" src=\"https:\/\/teucher-bau.de\/wp-content\/uploads\/2022\/08\/Email-Logo-300x300-1.jpg\" alt=\"\" srcset=\"https:\/\/teucher-bau.de\/wp-content\/uploads\/2022\/08\/Email-Logo-300x300-1.jpg 300w, https:\/\/teucher-bau.de\/wp-content\/uploads\/2022\/08\/Email-Logo-300x300-1-150x150.jpg 150w, https:\/\/teucher-bau.de\/wp-content\/uploads\/2022\/08\/Email-Logo-300x300-1-116x116.jpg 116w\" sizes=\"(max-width: 300px) 100vw, 300px\" \/> <a href=\"mailto:info@teucher-bau.de\">info@teucher-bau.de<\/a><\/p>\n","protected":false},"excerpt":{"rendered":"<p>Handwerk ist LEIDENSCHAFT Im Jahr 1991 setzten Roland und Christine Teucher den Grundstein f\u00fcr das Baugesch\u00e4ft. Anf\u00e4nglich wurde das regionale Bauunternehmen als privates Einzelunternehmen mit 5 Mitarbeitenden organisiert. \u00dcber die Jahre wurde nicht nur das Leistungsangebot in den Bereichen Hoch- und Tiefbau kontinuierlich ausgebaut, auch die Anzahl der Besch\u00e4ftigten bei Teucher Bau stieg auf 30 Fachkr\u00e4fte. Das mittelst\u00e4ndige Bauunternehmen ist ans\u00e4ssig im Erzgebirgskreis. >Mit dem Baugesch\u00e4ft Roland Teucher haben Sie einen starken Partner f\u00fcr die Realisierung Ihrer Wohntr\u00e4ume an Ihrer&hellip;<\/p>\n","protected":false},"author":1,"featured_media":0,"parent":0,"menu_order":0,"comment_status":"closed","ping_status":"open","template":"","meta":{"_links_to":"","_links_to_target":""},"yoast_head":"<!-- This site is optimized with the Yoast SEO plugin v18.0 - https:\/\/yoast.com\/wordpress\/plugins\/seo\/ -->\n<title>Das Unternehmen - Teucher Bau<\/title>\n<meta name=\"robots\" content=\"index, follow, max-snippet:-1, max-image-preview:large, max-video-preview:-1\" \/>\n<link rel=\"canonical\" href=\"https:\/\/teucher-bau.de\/?page_id=194\" \/>\n<meta property=\"og:locale\" content=\"de_DE\" \/>\n<meta property=\"og:type\" content=\"article\" \/>\n<meta property=\"og:title\" content=\"Das Unternehmen - Teucher Bau\" \/>\n<meta property=\"og:description\" content=\"Handwerk ist LEIDENSCHAFT Im Jahr 1991 setzten Roland und Christine Teucher den Grundstein f\u00fcr das Baugesch\u00e4ft. Anf\u00e4nglich wurde das regionale Bauunternehmen als privates Einzelunternehmen mit 5 Mitarbeitenden organisiert. \u00dcber die Jahre wurde nicht nur das Leistungsangebot in den Bereichen Hoch- und Tiefbau kontinuierlich ausgebaut, auch die Anzahl der Besch\u00e4ftigten bei Teucher Bau stieg auf 30 Fachkr\u00e4fte. Das mittelst\u00e4ndige Bauunternehmen ist ans\u00e4ssig im Erzgebirgskreis. &gt;Mit dem Baugesch\u00e4ft Roland Teucher haben Sie einen starken Partner f\u00fcr die Realisierung Ihrer Wohntr\u00e4ume an Ihrer&hellip;\" \/>\n<meta property=\"og:url\" content=\"https:\/\/teucher-bau.de\/?page_id=194\" \/>\n<meta property=\"og:site_name\" content=\"Teucher Bau\" \/>\n<meta property=\"article:publisher\" content=\"https:\/\/www.facebook.com\/Teucher-Bau-132861230096041\/\" \/>\n<meta property=\"article:modified_time\" content=\"2022-08-22T08:14:21+00:00\" \/>\n<meta property=\"og:image\" content=\"https:\/\/teucher-bau.de\/wp-content\/uploads\/2011\/02\/3.jpg\" \/>\n<meta name=\"twitter:card\" content=\"summary_large_image\" \/>\n<meta name=\"twitter:label1\" content=\"Gesch\u00e4tzte Lesezeit\" \/>\n\t<meta name=\"twitter:data1\" content=\"4\u00a0Minuten\" \/>\n<script type=\"application\/ld+json\" class=\"yoast-schema-graph\">{\"@context\":\"https:\/\/schema.org\",\"@graph\":[{\"@type\":\"Organization\",\"@id\":\"https:\/\/teucher-bau.de\/#organization\",\"name\":\"Baugesch\u00e4ft Roland Teucher OHG\",\"url\":\"https:\/\/teucher-bau.de\/\",\"sameAs\":[\"https:\/\/www.facebook.com\/Teucher-Bau-132861230096041\/\"],\"logo\":{\"@type\":\"ImageObject\",\"@id\":\"https:\/\/teucher-bau.de\/#logo\",\"inLanguage\":\"de\",\"url\":\"https:\/\/teucher-bau.de\/wp-content\/uploads\/2016\/02\/Logo3.png\",\"contentUrl\":\"https:\/\/teucher-bau.de\/wp-content\/uploads\/2016\/02\/Logo3.png\",\"width\":512,\"height\":150,\"caption\":\"Baugesch\u00e4ft Roland Teucher OHG\"},\"image\":{\"@id\":\"https:\/\/teucher-bau.de\/#logo\"}},{\"@type\":\"WebSite\",\"@id\":\"https:\/\/teucher-bau.de\/#website\",\"url\":\"https:\/\/teucher-bau.de\/\",\"name\":\"Teucher Bau\",\"description\":\"\",\"publisher\":{\"@id\":\"https:\/\/teucher-bau.de\/#organization\"},\"potentialAction\":[{\"@type\":\"SearchAction\",\"target\":{\"@type\":\"EntryPoint\",\"urlTemplate\":\"https:\/\/teucher-bau.de\/?s={search_term_string}\"},\"query-input\":\"required name=search_term_string\"}],\"inLanguage\":\"de\"},{\"@type\":\"ImageObject\",\"@id\":\"https:\/\/teucher-bau.de\/?page_id=194#primaryimage\",\"inLanguage\":\"de\",\"url\":\"https:\/\/teucher-bau.de\/wp-content\/uploads\/2011\/02\/3.jpg\",\"contentUrl\":\"https:\/\/teucher-bau.de\/wp-content\/uploads\/2011\/02\/3.jpg\",\"width\":960,\"height\":370},{\"@type\":\"WebPage\",\"@id\":\"https:\/\/teucher-bau.de\/?page_id=194#webpage\",\"url\":\"https:\/\/teucher-bau.de\/?page_id=194\",\"name\":\"Das Unternehmen - Teucher Bau\",\"isPartOf\":{\"@id\":\"https:\/\/teucher-bau.de\/#website\"},\"primaryImageOfPage\":{\"@id\":\"https:\/\/teucher-bau.de\/?page_id=194#primaryimage\"},\"datePublished\":\"2011-01-06T12:40:50+00:00\",\"dateModified\":\"2022-08-22T08:14:21+00:00\",\"breadcrumb\":{\"@id\":\"https:\/\/teucher-bau.de\/?page_id=194#breadcrumb\"},\"inLanguage\":\"de\",\"potentialAction\":[{\"@type\":\"ReadAction\",\"target\":[\"https:\/\/teucher-bau.de\/?page_id=194\"]}]},{\"@type\":\"BreadcrumbList\",\"@id\":\"https:\/\/teucher-bau.de\/?page_id=194#breadcrumb\",\"itemListElement\":[{\"@type\":\"ListItem\",\"position\":1,\"name\":\"Startseite\",\"item\":\"https:\/\/teucher-bau.de\/\"},{\"@type\":\"ListItem\",\"position\":2,\"name\":\"Das Unternehmen\"}]}]}<\/script>\n<!-- \/ Yoast SEO plugin. -->","yoast_head_json":{"title":"Das Unternehmen - Teucher Bau","robots":{"index":"index","follow":"follow","max-snippet":"max-snippet:-1","max-image-preview":"max-image-preview:large","max-video-preview":"max-video-preview:-1"},"canonical":"https:\/\/teucher-bau.de\/?page_id=194","og_locale":"de_DE","og_type":"article","og_title":"Das Unternehmen - Teucher Bau","og_description":"Handwerk ist LEIDENSCHAFT Im Jahr 1991 setzten Roland und Christine Teucher den Grundstein f\u00fcr das Baugesch\u00e4ft. Anf\u00e4nglich wurde das regionale Bauunternehmen als privates Einzelunternehmen mit 5 Mitarbeitenden organisiert. \u00dcber die Jahre wurde nicht nur das Leistungsangebot in den Bereichen Hoch- und Tiefbau kontinuierlich ausgebaut, auch die Anzahl der Besch\u00e4ftigten bei Teucher Bau stieg auf 30 Fachkr\u00e4fte. Das mittelst\u00e4ndige Bauunternehmen ist ans\u00e4ssig im Erzgebirgskreis. >Mit dem Baugesch\u00e4ft Roland Teucher haben Sie einen starken Partner f\u00fcr die Realisierung Ihrer Wohntr\u00e4ume an Ihrer&hellip;","og_url":"https:\/\/teucher-bau.de\/?page_id=194","og_site_name":"Teucher Bau","article_publisher":"https:\/\/www.facebook.com\/Teucher-Bau-132861230096041\/","article_modified_time":"2022-08-22T08:14:21+00:00","og_image":[{"url":"https:\/\/teucher-bau.de\/wp-content\/uploads\/2011\/02\/3.jpg"}],"twitter_card":"summary_large_image","twitter_misc":{"Gesch\u00e4tzte Lesezeit":"4\u00a0Minuten"},"schema":{"@context":"https:\/\/schema.org","@graph":[{"@type":"Organization","@id":"https:\/\/teucher-bau.de\/#organization","name":"Baugesch\u00e4ft Roland Teucher OHG","url":"https:\/\/teucher-bau.de\/","sameAs":["https:\/\/www.facebook.com\/Teucher-Bau-132861230096041\/"],"logo":{"@type":"ImageObject","@id":"https:\/\/teucher-bau.de\/#logo","inLanguage":"de","url":"https:\/\/teucher-bau.de\/wp-content\/uploads\/2016\/02\/Logo3.png","contentUrl":"https:\/\/teucher-bau.de\/wp-content\/uploads\/2016\/02\/Logo3.png","width":512,"height":150,"caption":"Baugesch\u00e4ft Roland Teucher OHG"},"image":{"@id":"https:\/\/teucher-bau.de\/#logo"}},{"@type":"WebSite","@id":"https:\/\/teucher-bau.de\/#website","url":"https:\/\/teucher-bau.de\/","name":"Teucher Bau","description":"","publisher":{"@id":"https:\/\/teucher-bau.de\/#organization"},"potentialAction":[{"@type":"SearchAction","target":{"@type":"EntryPoint","urlTemplate":"https:\/\/teucher-bau.de\/?s={search_term_string}"},"query-input":"required name=search_term_string"}],"inLanguage":"de"},{"@type":"ImageObject","@id":"https:\/\/teucher-bau.de\/?page_id=194#primaryimage","inLanguage":"de","url":"https:\/\/teucher-bau.de\/wp-content\/uploads\/2011\/02\/3.jpg","contentUrl":"https:\/\/teucher-bau.de\/wp-content\/uploads\/2011\/02\/3.jpg","width":960,"height":370},{"@type":"WebPage","@id":"https:\/\/teucher-bau.de\/?page_id=194#webpage","url":"https:\/\/teucher-bau.de\/?page_id=194","name":"Das Unternehmen - Teucher Bau","isPartOf":{"@id":"https:\/\/teucher-bau.de\/#website"},"primaryImageOfPage":{"@id":"https:\/\/teucher-bau.de\/?page_id=194#primaryimage"},"datePublished":"2011-01-06T12:40:50+00:00","dateModified":"2022-08-22T08:14:21+00:00","breadcrumb":{"@id":"https:\/\/teucher-bau.de\/?page_id=194#breadcrumb"},"inLanguage":"de","potentialAction":[{"@type":"ReadAction","target":["https:\/\/teucher-bau.de\/?page_id=194"]}]},{"@type":"BreadcrumbList","@id":"https:\/\/teucher-bau.de\/?page_id=194#breadcrumb","itemListElement":[{"@type":"ListItem","position":1,"name":"Startseite","item":"https:\/\/teucher-bau.de\/"},{"@type":"ListItem","position":2,"name":"Das Unternehmen"}]}]}},"_links":{"self":[{"href":"https:\/\/teucher-bau.de\/index.php?rest_route=\/wp\/v2\/pages\/194"}],"collection":[{"href":"https:\/\/teucher-bau.de\/index.php?rest_route=\/wp\/v2\/pages"}],"about":[{"href":"https:\/\/teucher-bau.de\/index.php?rest_route=\/wp\/v2\/types\/page"}],"author":[{"embeddable":true,"href":"https:\/\/teucher-bau.de\/index.php?rest_route=\/wp\/v2\/users\/1"}],"replies":[{"embeddable":true,"href":"https:\/\/teucher-bau.de\/index.php?rest_route=%2Fwp%2Fv2%2Fcomments&post=194"}],"version-history":[{"count":17,"href":"https:\/\/teucher-bau.de\/index.php?rest_route=\/wp\/v2\/pages\/194\/revisions"}],"predecessor-version":[{"id":3659,"href":"https:\/\/teucher-bau.de\/index.php?rest_route=\/wp\/v2\/pages\/194\/revisions\/3659"}],"wp:attachment":[{"href":"https:\/\/teucher-bau.de\/index.php?rest_route=%2Fwp%2Fv2%2Fmedia&parent=194"}],"curies":[{"name":"wp","href":"https:\/\/api.w.org\/{rel}","templated":true}]}}