{"id":198,"date":"2011-01-06T12:41:55","date_gmt":"2011-01-06T12:41:55","guid":{"rendered":"http:\/\/www.42810.de\/Teucherbau\/?page_id=196"},"modified":"2022-05-19T11:32:34","modified_gmt":"2022-05-19T09:32:34","slug":"leistungsspektrum","status":"publish","type":"page","link":"https:\/\/teucher-bau.de\/?page_id=198","title":{"rendered":"Leistungsspektrum"},"content":{"rendered":"<table style=\"background-image: url('http:\/\/www.42810.de\/Teucherbau\/wp-content\/uploads\/2011\/01\/BackgroundNeu.jpg');\" width=\"650\">\n<tbody>\n<tr>\n<td width=\"100%\">Mit dem Baugesch\u00e4ft Roland Teucher haben Sie einen starken Partner an Ihrer Seite. Wir unterst\u00fctzen Sie bei der Planung und Realisierung Ihrer Wohntr\u00e4ume.Unser breites Leistungsspektrum bietet Ihnen f\u00fcr jede Aufgabe die richtige bautechnische L\u00f6sung.Ihr Vorhaben wird nach den neusten Stand der Technik mit kompetenten Architekten geplant und letztendlich durch unsere Mitarbeiter umgesetzt. Ihre Zufriedenheit ist unser Anliegen.<\/p>\n<h3><span style=\"color: #ff0000;\">Hochbau<\/span><\/h3>\n<p><strong>Wohngeb\u00e4ude<\/strong><\/p>\n<ul>\n<li>Einzelhaus<\/li>\n<li>Doppelhaus<\/li>\n<li>Bungalow<\/li>\n<li>Reihenhaus<\/li>\n<li>Landhaus<\/li>\n<li>Villa<\/li>\n<li>Mehrfamilienhaus<\/li>\n<\/ul>\n<p><strong>Gewerbebauten<\/strong><\/p>\n<ul>\n<li>Veranstaltungsgeb\u00e4ude<\/li>\n<li>Industriebauten<\/li>\n<li>Kommunalbauten<\/li>\n<li>Kinderg\u00e4rten<\/li>\n<li>Sport- und Freizeitgeb\u00e4ude<\/li>\n<li>B\u00fcro- und Verwaltungsgeb\u00e4ude<\/li>\n<li>Produktions- und Lager hallen<\/li>\n<\/ul>\n<p><strong>Altbausanierung<\/strong><\/p>\n<ul>\n<li>Sanierungsarbeiten jeglicher Art<\/li>\n<li>Um- und Ausbau<\/li>\n<li>Modernisierungsarbeiten<\/li>\n<li>Wohnungsbau<\/li>\n<\/ul>\n<p><strong>Ausf\u00fchrung\u00a0einzelner Gewerke wie:<\/strong><\/p>\n<ul>\n<li>Betonarbeiten<\/li>\n<li>Estricharbeiten<\/li>\n<li>Putzarbeiten<\/li>\n<li>Holz- und Trockenbauarbeiten<\/li>\n<li>weitere Gewerke auf Anfrage<\/li>\n<\/ul>\n<h3><span style=\"color: #ff0000;\">Tiefbau<\/span><\/h3>\n<p><strong>Kl\u00e4ranlagenbau<\/strong><\/p>\n<ul>\n<li>Private Kleinkl\u00e4ranlagen<\/li>\n<li>Gro\u00dfkl\u00e4rtechnische Anlagen<\/li>\n<li>Abwassersysteme jeglicher Art<\/li>\n<\/ul>\n<p><strong>Gestaltung von Au\u00dfenanlagen<\/strong><\/p>\n<ul>\n<li>Pflaster- und Wegebau<\/li>\n<li>Landschaftsgestaltung<\/li>\n<\/ul>\n<p><strong>Versorgungs- und Entsorgungsleitungen<\/strong><\/p>\n<ul>\n<li>Neubau \/ Reparatur von Hausanschl\u00fcssen Abwasser, Trinkwasser, Gas, Strom, Antenne<\/li>\n<li>Kanalsanierung<\/li>\n<li>Wasserversorgungsanlagen<\/li>\n<\/ul>\n<p><a href=\"https:\/\/teucher-bau.de\/wp-content\/uploads\/2022\/05\/Titel.png\"><img loading=\"lazy\" class=\"aligncenter wp-image-3627 size-full\" src=\"https:\/\/teucher-bau.de\/wp-content\/uploads\/2022\/05\/Titel.png\" alt=\"\" width=\"1921\" height=\"1081\" srcset=\"https:\/\/teucher-bau.de\/wp-content\/uploads\/2022\/05\/Titel.png 1921w, https:\/\/teucher-bau.de\/wp-content\/uploads\/2022\/05\/Titel-300x169.png 300w, https:\/\/teucher-bau.de\/wp-content\/uploads\/2022\/05\/Titel-1024x576.png 1024w, https:\/\/teucher-bau.de\/wp-content\/uploads\/2022\/05\/Titel-768x432.png 768w, https:\/\/teucher-bau.de\/wp-content\/uploads\/2022\/05\/Titel-1536x864.png 1536w, https:\/\/teucher-bau.de\/wp-content\/uploads\/2022\/05\/Titel-206x116.png 206w\" sizes=\"(max-width: 1921px) 100vw, 1921px\" \/><\/a><\/td>\n<\/tr>\n<\/tbody>\n<\/table>\n","protected":false},"excerpt":{"rendered":"<p>Mit dem Baugesch\u00e4ft Roland Teucher haben Sie einen starken Partner an Ihrer Seite. Wir unterst\u00fctzen Sie bei der Planung und Realisierung Ihrer Wohntr\u00e4ume.Unser breites Leistungsspektrum bietet Ihnen f\u00fcr jede Aufgabe die richtige bautechnische L\u00f6sung.Ihr Vorhaben wird nach den neusten Stand der Technik mit kompetenten Architekten geplant und letztendlich durch unsere Mitarbeiter umgesetzt. Ihre Zufriedenheit ist unser Anliegen. Hochbau Wohngeb\u00e4ude Einzelhaus Doppelhaus Bungalow Reihenhaus Landhaus Villa Mehrfamilienhaus Gewerbebauten Veranstaltungsgeb\u00e4ude Industriebauten Kommunalbauten Kinderg\u00e4rten Sport- und Freizeitgeb\u00e4ude B\u00fcro- und Verwaltungsgeb\u00e4ude Produktions- und Lager&hellip;<\/p>\n","protected":false},"author":1,"featured_media":0,"parent":0,"menu_order":0,"comment_status":"closed","ping_status":"open","template":"","meta":{"_links_to":"","_links_to_target":""},"yoast_head":"<!-- This site is optimized with the Yoast SEO plugin v18.0 - https:\/\/yoast.com\/wordpress\/plugins\/seo\/ -->\n<title>Leistungsspektrum - Teucher Bau<\/title>\n<meta name=\"robots\" content=\"index, follow, max-snippet:-1, max-image-preview:large, max-video-preview:-1\" \/>\n<link rel=\"canonical\" href=\"https:\/\/teucher-bau.de\/?page_id=198\" \/>\n<meta property=\"og:locale\" content=\"de_DE\" \/>\n<meta property=\"og:type\" content=\"article\" \/>\n<meta property=\"og:title\" content=\"Leistungsspektrum - Teucher Bau\" \/>\n<meta property=\"og:description\" content=\"Mit dem Baugesch\u00e4ft Roland Teucher haben Sie einen starken Partner an Ihrer Seite. Wir unterst\u00fctzen Sie bei der Planung und Realisierung Ihrer Wohntr\u00e4ume.Unser breites Leistungsspektrum bietet Ihnen f\u00fcr jede Aufgabe die richtige bautechnische L\u00f6sung.Ihr Vorhaben wird nach den neusten Stand der Technik mit kompetenten Architekten geplant und letztendlich durch unsere Mitarbeiter umgesetzt. Ihre Zufriedenheit ist unser Anliegen. Hochbau Wohngeb\u00e4ude Einzelhaus Doppelhaus Bungalow Reihenhaus Landhaus Villa Mehrfamilienhaus Gewerbebauten Veranstaltungsgeb\u00e4ude Industriebauten Kommunalbauten Kinderg\u00e4rten Sport- und Freizeitgeb\u00e4ude B\u00fcro- und Verwaltungsgeb\u00e4ude Produktions- und Lager&hellip;\" \/>\n<meta property=\"og:url\" content=\"https:\/\/teucher-bau.de\/?page_id=198\" \/>\n<meta property=\"og:site_name\" content=\"Teucher Bau\" \/>\n<meta property=\"article:publisher\" content=\"https:\/\/www.facebook.com\/Teucher-Bau-132861230096041\/\" \/>\n<meta property=\"article:modified_time\" content=\"2022-05-19T09:32:34+00:00\" \/>\n<meta property=\"og:image\" content=\"https:\/\/teucher-bau.de\/wp-content\/uploads\/2022\/05\/Titel.png\" \/>\n<meta name=\"twitter:card\" content=\"summary_large_image\" \/>\n<meta name=\"twitter:label1\" content=\"Gesch\u00e4tzte Lesezeit\" \/>\n\t<meta name=\"twitter:data1\" content=\"1\u00a0Minute\" \/>\n<script type=\"application\/ld+json\" class=\"yoast-schema-graph\">{\"@context\":\"https:\/\/schema.org\",\"@graph\":[{\"@type\":\"Organization\",\"@id\":\"https:\/\/teucher-bau.de\/#organization\",\"name\":\"Baugesch\u00e4ft Roland Teucher OHG\",\"url\":\"https:\/\/teucher-bau.de\/\",\"sameAs\":[\"https:\/\/www.facebook.com\/Teucher-Bau-132861230096041\/\"],\"logo\":{\"@type\":\"ImageObject\",\"@id\":\"https:\/\/teucher-bau.de\/#logo\",\"inLanguage\":\"de\",\"url\":\"https:\/\/teucher-bau.de\/wp-content\/uploads\/2016\/02\/Logo3.png\",\"contentUrl\":\"https:\/\/teucher-bau.de\/wp-content\/uploads\/2016\/02\/Logo3.png\",\"width\":512,\"height\":150,\"caption\":\"Baugesch\u00e4ft Roland Teucher OHG\"},\"image\":{\"@id\":\"https:\/\/teucher-bau.de\/#logo\"}},{\"@type\":\"WebSite\",\"@id\":\"https:\/\/teucher-bau.de\/#website\",\"url\":\"https:\/\/teucher-bau.de\/\",\"name\":\"Teucher Bau\",\"description\":\"\",\"publisher\":{\"@id\":\"https:\/\/teucher-bau.de\/#organization\"},\"potentialAction\":[{\"@type\":\"SearchAction\",\"target\":{\"@type\":\"EntryPoint\",\"urlTemplate\":\"https:\/\/teucher-bau.de\/?s={search_term_string}\"},\"query-input\":\"required name=search_term_string\"}],\"inLanguage\":\"de\"},{\"@type\":\"ImageObject\",\"@id\":\"https:\/\/teucher-bau.de\/?page_id=198#primaryimage\",\"inLanguage\":\"de\",\"url\":\"https:\/\/teucher-bau.de\/wp-content\/uploads\/2022\/05\/Titel.png\",\"contentUrl\":\"https:\/\/teucher-bau.de\/wp-content\/uploads\/2022\/05\/Titel.png\",\"width\":1921,\"height\":1081},{\"@type\":\"WebPage\",\"@id\":\"https:\/\/teucher-bau.de\/?page_id=198#webpage\",\"url\":\"https:\/\/teucher-bau.de\/?page_id=198\",\"name\":\"Leistungsspektrum - Teucher Bau\",\"isPartOf\":{\"@id\":\"https:\/\/teucher-bau.de\/#website\"},\"primaryImageOfPage\":{\"@id\":\"https:\/\/teucher-bau.de\/?page_id=198#primaryimage\"},\"datePublished\":\"2011-01-06T12:41:55+00:00\",\"dateModified\":\"2022-05-19T09:32:34+00:00\",\"breadcrumb\":{\"@id\":\"https:\/\/teucher-bau.de\/?page_id=198#breadcrumb\"},\"inLanguage\":\"de\",\"potentialAction\":[{\"@type\":\"ReadAction\",\"target\":[\"https:\/\/teucher-bau.de\/?page_id=198\"]}]},{\"@type\":\"BreadcrumbList\",\"@id\":\"https:\/\/teucher-bau.de\/?page_id=198#breadcrumb\",\"itemListElement\":[{\"@type\":\"ListItem\",\"position\":1,\"name\":\"Startseite\",\"item\":\"https:\/\/teucher-bau.de\/\"},{\"@type\":\"ListItem\",\"position\":2,\"name\":\"Leistungsspektrum\"}]}]}<\/script>\n<!-- \/ Yoast SEO plugin. -->","yoast_head_json":{"title":"Leistungsspektrum - Teucher Bau","robots":{"index":"index","follow":"follow","max-snippet":"max-snippet:-1","max-image-preview":"max-image-preview:large","max-video-preview":"max-video-preview:-1"},"canonical":"https:\/\/teucher-bau.de\/?page_id=198","og_locale":"de_DE","og_type":"article","og_title":"Leistungsspektrum - Teucher Bau","og_description":"Mit dem Baugesch\u00e4ft Roland Teucher haben Sie einen starken Partner an Ihrer Seite. Wir unterst\u00fctzen Sie bei der Planung und Realisierung Ihrer Wohntr\u00e4ume.Unser breites Leistungsspektrum bietet Ihnen f\u00fcr jede Aufgabe die richtige bautechnische L\u00f6sung.Ihr Vorhaben wird nach den neusten Stand der Technik mit kompetenten Architekten geplant und letztendlich durch unsere Mitarbeiter umgesetzt. Ihre Zufriedenheit ist unser Anliegen. Hochbau Wohngeb\u00e4ude Einzelhaus Doppelhaus Bungalow Reihenhaus Landhaus Villa Mehrfamilienhaus Gewerbebauten Veranstaltungsgeb\u00e4ude Industriebauten Kommunalbauten Kinderg\u00e4rten Sport- und Freizeitgeb\u00e4ude B\u00fcro- und Verwaltungsgeb\u00e4ude Produktions- und Lager&hellip;","og_url":"https:\/\/teucher-bau.de\/?page_id=198","og_site_name":"Teucher Bau","article_publisher":"https:\/\/www.facebook.com\/Teucher-Bau-132861230096041\/","article_modified_time":"2022-05-19T09:32:34+00:00","og_image":[{"url":"https:\/\/teucher-bau.de\/wp-content\/uploads\/2022\/05\/Titel.png"}],"twitter_card":"summary_large_image","twitter_misc":{"Gesch\u00e4tzte Lesezeit":"1\u00a0Minute"},"schema":{"@context":"https:\/\/schema.org","@graph":[{"@type":"Organization","@id":"https:\/\/teucher-bau.de\/#organization","name":"Baugesch\u00e4ft Roland Teucher OHG","url":"https:\/\/teucher-bau.de\/","sameAs":["https:\/\/www.facebook.com\/Teucher-Bau-132861230096041\/"],"logo":{"@type":"ImageObject","@id":"https:\/\/teucher-bau.de\/#logo","inLanguage":"de","url":"https:\/\/teucher-bau.de\/wp-content\/uploads\/2016\/02\/Logo3.png","contentUrl":"https:\/\/teucher-bau.de\/wp-content\/uploads\/2016\/02\/Logo3.png","width":512,"height":150,"caption":"Baugesch\u00e4ft Roland Teucher OHG"},"image":{"@id":"https:\/\/teucher-bau.de\/#logo"}},{"@type":"WebSite","@id":"https:\/\/teucher-bau.de\/#website","url":"https:\/\/teucher-bau.de\/","name":"Teucher Bau","description":"","publisher":{"@id":"https:\/\/teucher-bau.de\/#organization"},"potentialAction":[{"@type":"SearchAction","target":{"@type":"EntryPoint","urlTemplate":"https:\/\/teucher-bau.de\/?s={search_term_string}"},"query-input":"required name=search_term_string"}],"inLanguage":"de"},{"@type":"ImageObject","@id":"https:\/\/teucher-bau.de\/?page_id=198#primaryimage","inLanguage":"de","url":"https:\/\/teucher-bau.de\/wp-content\/uploads\/2022\/05\/Titel.png","contentUrl":"https:\/\/teucher-bau.de\/wp-content\/uploads\/2022\/05\/Titel.png","width":1921,"height":1081},{"@type":"WebPage","@id":"https:\/\/teucher-bau.de\/?page_id=198#webpage","url":"https:\/\/teucher-bau.de\/?page_id=198","name":"Leistungsspektrum - Teucher Bau","isPartOf":{"@id":"https:\/\/teucher-bau.de\/#website"},"primaryImageOfPage":{"@id":"https:\/\/teucher-bau.de\/?page_id=198#primaryimage"},"datePublished":"2011-01-06T12:41:55+00:00","dateModified":"2022-05-19T09:32:34+00:00","breadcrumb":{"@id":"https:\/\/teucher-bau.de\/?page_id=198#breadcrumb"},"inLanguage":"de","potentialAction":[{"@type":"ReadAction","target":["https:\/\/teucher-bau.de\/?page_id=198"]}]},{"@type":"BreadcrumbList","@id":"https:\/\/teucher-bau.de\/?page_id=198#breadcrumb","itemListElement":[{"@type":"ListItem","position":1,"name":"Startseite","item":"https:\/\/teucher-bau.de\/"},{"@type":"ListItem","position":2,"name":"Leistungsspektrum"}]}]}},"_links":{"self":[{"href":"https:\/\/teucher-bau.de\/index.php?rest_route=\/wp\/v2\/pages\/198"}],"collection":[{"href":"https:\/\/teucher-bau.de\/index.php?rest_route=\/wp\/v2\/pages"}],"about":[{"href":"https:\/\/teucher-bau.de\/index.php?rest_route=\/wp\/v2\/types\/page"}],"author":[{"embeddable":true,"href":"https:\/\/teucher-bau.de\/index.php?rest_route=\/wp\/v2\/users\/1"}],"replies":[{"embeddable":true,"href":"https:\/\/teucher-bau.de\/index.php?rest_route=%2Fwp%2Fv2%2Fcomments&post=198"}],"version-history":[{"count":8,"href":"https:\/\/teucher-bau.de\/index.php?rest_route=\/wp\/v2\/pages\/198\/revisions"}],"predecessor-version":[{"id":3630,"href":"https:\/\/teucher-bau.de\/index.php?rest_route=\/wp\/v2\/pages\/198\/revisions\/3630"}],"wp:attachment":[{"href":"https:\/\/teucher-bau.de\/index.php?rest_route=%2Fwp%2Fv2%2Fmedia&parent=198"}],"curies":[{"name":"wp","href":"https:\/\/api.w.org\/{rel}","templated":true}]}}