{"id":549,"date":"2011-12-01T13:08:52","date_gmt":"2011-12-01T13:08:52","guid":{"rendered":"http:\/\/www.42810.de\/Teucherbau\/?page_id=549"},"modified":"2013-08-06T13:16:43","modified_gmt":"2013-08-06T11:16:43","slug":"wirbelschwebebett-technik","status":"publish","type":"page","link":"https:\/\/teucher-bau.de\/?page_id=549","title":{"rendered":"Wirbelschwebebett Technik"},"content":{"rendered":"<h3>Die Wirbelschwebebett-Technik<\/h3>\n<p>\u2026ist f\u00fcr Neubauten und Nachr\u00fcstungen von Kleinkl\u00e4ranlagen ausgelegt. Sie sind zuverl\u00e4ssig und vollbiologisch. Alle Systeme sind durch das Deutsche Institut f\u00fcr Bautechnik in Berlin zugelassen und entsprechen dem aktuellen Stand der Technik.<\/p>\n<p>Unser Emil ist die herausragende technische Innovation im Bereich der Wirbelschwebebett-Technik. Wir integrieren die Nachkl\u00e4reinheit in das Wirbelschwebebettbecken und sind somit in der Lage, die Vorkl\u00e4rung ein- oder zweikammrig zu gestalten. Damit ergeben sich in der kl\u00e4rtechnischen Berechnung hervorragende Ergebnisse. Es ist zum Beispiel m\u00f6glich, in eine Dreikammeranlage mit 6.0 m\u00b3 bis zu 12 Einwohnergleichwerte anzuschlie\u00dfen. \u00dcberzeugen Sie sich selbst.<\/p>\n<p>Vorteile des Systems im \u00dcberblick:<\/p>\n<ul>\n<li>Hervorragend f\u00fcr den dauerhaften Unterlastbetrieb geeignet<\/li>\n<li>Integrierte Nachkl\u00e4reinheit im Wirbelschwebebettbecken<\/li>\n<li>Einsetzbar in den Halbkreis und Viertelkreis<\/li>\n<li>Puffer f\u00fcr Belastungsspitzen<\/li>\n<li>Hohe Betriebssicherheit durch freien Auslauf<\/li>\n<\/ul>\n<p align=\"left\"><strong>Funktionsweise<\/strong><\/p>\n<p align=\"left\">Vorkl\u00e4rung<\/p>\n<p align=\"left\">Das h\u00e4usliche Schmutzwasser wird in die Vorkl\u00e4rung eingeleitet.<\/p>\n<p align=\"left\">Das eingeleitete Abwasser beruhigt sich. Die miteingebrachten ungel\u00f6sten Fest- und Schwimmstoffe werden zur\u00fcckgehalten. Sie setzen sich als Schlamm in der Vorkl\u00e4rung ab. Die Vorkl\u00e4rung kann je nach Bauart aus einer Kammer oder mehreren Kammern bestehen. Das vorgereinigte Wasser flie\u00dft im Freigef\u00e4lle der Biologie zu.<\/p>\n<p align=\"left\">Belebung (Wirbelschwebebett)<\/p>\n<p align=\"left\">In der Belebung, die sich in der letzten Kammer der Anlage befindet, wird ein Kunststofftr\u00e4germaterial eingebracht. Auf diesem Tr\u00e4germaterial siedeln sich Mikroorganismen an, die mit Hilfe von Sauerstoff das Abwasser reinigen.<\/p>\n<p align=\"left\">Der zur Reinigung des Abwassers ben\u00f6tigte Sauerstoff wird durch einen Luftverdichter zur Verf\u00fcgung gestellt und \u00fcber Membranbel\u00fcfterkerzen feinblasig in das Abwasser eingebracht. Zus\u00e4tzlich sorgt die Bel\u00fcftung f\u00fcr eine Verwirbelung des Kunststofftr\u00e4germaterials. Die dabei auftretenden Scherkr\u00e4fte verhindern ein Zuwachsen des Tr\u00e4germaterials.<\/p>\n<p align=\"left\">Anfallender \u00dcberschussschlamm wird mit einer Schlammr\u00fcckf\u00fchrung in die Vorkl\u00e4rung gef\u00f6rdert.<\/p>\n<p align=\"left\">Nachkl\u00e4reinrichtung<\/p>\n<p align=\"left\">Die Nachkl\u00e4reinrichtung besteht aus einem zylindrischen K\u00f6rper der in der Wirbelschwebebettbiologie eingebaut wird und \u00fcbernimmt die Funktion einer separaten Nachkl\u00e4rkammer. Das Wasser aus der Biologie flie\u00dft in die Nachkl\u00e4reinheit.<\/p>\n<p align=\"left\">Der Zufluss in die Nachkl\u00e4reinheit wird \u00fcber eine Zulaufdrossel reduziert, so dass keine hydraulische \u00dcberlastung der Nachkl\u00e4reinrichtung erfolgen kann. F\u00e4llt mehr Abwasser an, als durch die Zulaufdrossel in die Nachkl\u00e4reinrichtung flie\u00dft, werden die Vorkl\u00e4rung und die Biologie aufgestaut, bis sich die Wasserst\u00e4nde wieder ausgeglichen haben.<\/p>\n<p align=\"left\">Dadurch wird die Nachkl\u00e4reinrichtung unabh\u00e4ngig von hydraulischen Zulaufschwankungen. Das zugef\u00fchrte Wasser beruhigt sich.<\/p>\n<p align=\"left\">Mit eingebrachter Schlamm setzt sich im Trichter ab und wird als \u00dcberschussschlamm in die Vorkl\u00e4rung\u00a0 zur\u00fcckgef\u00f6rdert. Das gereinigte Abwasser flie\u00dft in die Vorflut ab.<\/p>\n<p align=\"left\"><a href=\"http:\/\/teucher-bau.de\/wp-content\/uploads\/2011\/12\/4.jpg\"><img loading=\"lazy\" class=\"aligncenter size-full wp-image-664\" alt=\"4\" src=\"http:\/\/teucher-bau.de\/wp-content\/uploads\/2011\/12\/4.jpg\" width=\"589\" height=\"273\" \/><\/a><\/p>\n<p align=\"left\"><a href=\"http:\/\/www.teucher-bau.de\/wp-content\/uploads\/2013\/5.jpg\"><img loading=\"lazy\" class=\"aligncenter\" alt=\"\" src=\"http:\/\/www.teucher-bau.de\/wp-content\/uploads\/2013\/5.jpg\" width=\"591\" height=\"390\" \/><\/a><a href=\"http:\/\/www.teucher-bau.de\/wp-content\/uploads\/2013\/6.jpg\"><img loading=\"lazy\" class=\"aligncenter\" alt=\"\" src=\"http:\/\/www.teucher-bau.de\/wp-content\/uploads\/2013\/6.jpg\" width=\"595\" height=\"239\" \/><\/a><\/p>\n<p style=\"text-align: left;\" align=\"left\"><strong><em>\u00a0Alle Infos Copyright <a href=\"http:\/\/www.nordbeton.com\/\">www.nordbeton.com<\/a><\/em><\/strong><\/p>\n","protected":false},"excerpt":{"rendered":"<p>Die Wirbelschwebebett-Technik \u2026ist f\u00fcr Neubauten und Nachr\u00fcstungen von Kleinkl\u00e4ranlagen ausgelegt. Sie sind zuverl\u00e4ssig und vollbiologisch. Alle Systeme sind durch das Deutsche Institut f\u00fcr Bautechnik in Berlin zugelassen und entsprechen dem aktuellen Stand der Technik. Unser Emil ist die herausragende technische Innovation im Bereich der Wirbelschwebebett-Technik. Wir integrieren die Nachkl\u00e4reinheit in das Wirbelschwebebettbecken und sind somit in der Lage, die Vorkl\u00e4rung ein- oder zweikammrig zu gestalten. Damit ergeben sich in der kl\u00e4rtechnischen Berechnung hervorragende Ergebnisse. Es ist zum Beispiel m\u00f6glich, in&hellip;<\/p>\n","protected":false},"author":1,"featured_media":0,"parent":0,"menu_order":0,"comment_status":"closed","ping_status":"open","template":"","meta":{"_links_to":"","_links_to_target":""},"yoast_head":"<!-- This site is optimized with the Yoast SEO plugin v18.0 - https:\/\/yoast.com\/wordpress\/plugins\/seo\/ -->\n<title>Wirbelschwebebett Technik - Teucher Bau<\/title>\n<meta name=\"robots\" content=\"index, follow, max-snippet:-1, max-image-preview:large, max-video-preview:-1\" \/>\n<link rel=\"canonical\" href=\"https:\/\/teucher-bau.de\/?page_id=549\" \/>\n<meta property=\"og:locale\" content=\"de_DE\" \/>\n<meta property=\"og:type\" content=\"article\" \/>\n<meta property=\"og:title\" content=\"Wirbelschwebebett Technik - Teucher Bau\" \/>\n<meta property=\"og:description\" content=\"Die Wirbelschwebebett-Technik \u2026ist f\u00fcr Neubauten und Nachr\u00fcstungen von Kleinkl\u00e4ranlagen ausgelegt. Sie sind zuverl\u00e4ssig und vollbiologisch. Alle Systeme sind durch das Deutsche Institut f\u00fcr Bautechnik in Berlin zugelassen und entsprechen dem aktuellen Stand der Technik. Unser Emil ist die herausragende technische Innovation im Bereich der Wirbelschwebebett-Technik. Wir integrieren die Nachkl\u00e4reinheit in das Wirbelschwebebettbecken und sind somit in der Lage, die Vorkl\u00e4rung ein- oder zweikammrig zu gestalten. Damit ergeben sich in der kl\u00e4rtechnischen Berechnung hervorragende Ergebnisse. Es ist zum Beispiel m\u00f6glich, in&hellip;\" \/>\n<meta property=\"og:url\" content=\"https:\/\/teucher-bau.de\/?page_id=549\" \/>\n<meta property=\"og:site_name\" content=\"Teucher Bau\" \/>\n<meta property=\"article:publisher\" content=\"https:\/\/www.facebook.com\/Teucher-Bau-132861230096041\/\" \/>\n<meta property=\"article:modified_time\" content=\"2013-08-06T11:16:43+00:00\" \/>\n<meta property=\"og:image\" content=\"http:\/\/teucher-bau.de\/wp-content\/uploads\/2011\/12\/4.jpg\" \/>\n<meta name=\"twitter:card\" content=\"summary_large_image\" \/>\n<meta name=\"twitter:label1\" content=\"Gesch\u00e4tzte Lesezeit\" \/>\n\t<meta name=\"twitter:data1\" content=\"2\u00a0Minuten\" \/>\n<script type=\"application\/ld+json\" class=\"yoast-schema-graph\">{\"@context\":\"https:\/\/schema.org\",\"@graph\":[{\"@type\":\"Organization\",\"@id\":\"https:\/\/teucher-bau.de\/#organization\",\"name\":\"Baugesch\u00e4ft Roland Teucher OHG\",\"url\":\"https:\/\/teucher-bau.de\/\",\"sameAs\":[\"https:\/\/www.facebook.com\/Teucher-Bau-132861230096041\/\"],\"logo\":{\"@type\":\"ImageObject\",\"@id\":\"https:\/\/teucher-bau.de\/#logo\",\"inLanguage\":\"de\",\"url\":\"https:\/\/teucher-bau.de\/wp-content\/uploads\/2016\/02\/Logo3.png\",\"contentUrl\":\"https:\/\/teucher-bau.de\/wp-content\/uploads\/2016\/02\/Logo3.png\",\"width\":512,\"height\":150,\"caption\":\"Baugesch\u00e4ft Roland Teucher OHG\"},\"image\":{\"@id\":\"https:\/\/teucher-bau.de\/#logo\"}},{\"@type\":\"WebSite\",\"@id\":\"https:\/\/teucher-bau.de\/#website\",\"url\":\"https:\/\/teucher-bau.de\/\",\"name\":\"Teucher Bau\",\"description\":\"\",\"publisher\":{\"@id\":\"https:\/\/teucher-bau.de\/#organization\"},\"potentialAction\":[{\"@type\":\"SearchAction\",\"target\":{\"@type\":\"EntryPoint\",\"urlTemplate\":\"https:\/\/teucher-bau.de\/?s={search_term_string}\"},\"query-input\":\"required name=search_term_string\"}],\"inLanguage\":\"de\"},{\"@type\":\"ImageObject\",\"@id\":\"https:\/\/teucher-bau.de\/?page_id=549#primaryimage\",\"inLanguage\":\"de\",\"url\":\"http:\/\/teucher-bau.de\/wp-content\/uploads\/2011\/12\/4.jpg\",\"contentUrl\":\"http:\/\/teucher-bau.de\/wp-content\/uploads\/2011\/12\/4.jpg\"},{\"@type\":\"WebPage\",\"@id\":\"https:\/\/teucher-bau.de\/?page_id=549#webpage\",\"url\":\"https:\/\/teucher-bau.de\/?page_id=549\",\"name\":\"Wirbelschwebebett Technik - Teucher Bau\",\"isPartOf\":{\"@id\":\"https:\/\/teucher-bau.de\/#website\"},\"primaryImageOfPage\":{\"@id\":\"https:\/\/teucher-bau.de\/?page_id=549#primaryimage\"},\"datePublished\":\"2011-12-01T13:08:52+00:00\",\"dateModified\":\"2013-08-06T11:16:43+00:00\",\"breadcrumb\":{\"@id\":\"https:\/\/teucher-bau.de\/?page_id=549#breadcrumb\"},\"inLanguage\":\"de\",\"potentialAction\":[{\"@type\":\"ReadAction\",\"target\":[\"https:\/\/teucher-bau.de\/?page_id=549\"]}]},{\"@type\":\"BreadcrumbList\",\"@id\":\"https:\/\/teucher-bau.de\/?page_id=549#breadcrumb\",\"itemListElement\":[{\"@type\":\"ListItem\",\"position\":1,\"name\":\"Startseite\",\"item\":\"https:\/\/teucher-bau.de\/\"},{\"@type\":\"ListItem\",\"position\":2,\"name\":\"Wirbelschwebebett Technik\"}]}]}<\/script>\n<!-- \/ Yoast SEO plugin. -->","yoast_head_json":{"title":"Wirbelschwebebett Technik - Teucher Bau","robots":{"index":"index","follow":"follow","max-snippet":"max-snippet:-1","max-image-preview":"max-image-preview:large","max-video-preview":"max-video-preview:-1"},"canonical":"https:\/\/teucher-bau.de\/?page_id=549","og_locale":"de_DE","og_type":"article","og_title":"Wirbelschwebebett Technik - Teucher Bau","og_description":"Die Wirbelschwebebett-Technik \u2026ist f\u00fcr Neubauten und Nachr\u00fcstungen von Kleinkl\u00e4ranlagen ausgelegt. Sie sind zuverl\u00e4ssig und vollbiologisch. Alle Systeme sind durch das Deutsche Institut f\u00fcr Bautechnik in Berlin zugelassen und entsprechen dem aktuellen Stand der Technik. Unser Emil ist die herausragende technische Innovation im Bereich der Wirbelschwebebett-Technik. Wir integrieren die Nachkl\u00e4reinheit in das Wirbelschwebebettbecken und sind somit in der Lage, die Vorkl\u00e4rung ein- oder zweikammrig zu gestalten. Damit ergeben sich in der kl\u00e4rtechnischen Berechnung hervorragende Ergebnisse. Es ist zum Beispiel m\u00f6glich, in&hellip;","og_url":"https:\/\/teucher-bau.de\/?page_id=549","og_site_name":"Teucher Bau","article_publisher":"https:\/\/www.facebook.com\/Teucher-Bau-132861230096041\/","article_modified_time":"2013-08-06T11:16:43+00:00","og_image":[{"url":"http:\/\/teucher-bau.de\/wp-content\/uploads\/2011\/12\/4.jpg"}],"twitter_card":"summary_large_image","twitter_misc":{"Gesch\u00e4tzte Lesezeit":"2\u00a0Minuten"},"schema":{"@context":"https:\/\/schema.org","@graph":[{"@type":"Organization","@id":"https:\/\/teucher-bau.de\/#organization","name":"Baugesch\u00e4ft Roland Teucher OHG","url":"https:\/\/teucher-bau.de\/","sameAs":["https:\/\/www.facebook.com\/Teucher-Bau-132861230096041\/"],"logo":{"@type":"ImageObject","@id":"https:\/\/teucher-bau.de\/#logo","inLanguage":"de","url":"https:\/\/teucher-bau.de\/wp-content\/uploads\/2016\/02\/Logo3.png","contentUrl":"https:\/\/teucher-bau.de\/wp-content\/uploads\/2016\/02\/Logo3.png","width":512,"height":150,"caption":"Baugesch\u00e4ft Roland Teucher OHG"},"image":{"@id":"https:\/\/teucher-bau.de\/#logo"}},{"@type":"WebSite","@id":"https:\/\/teucher-bau.de\/#website","url":"https:\/\/teucher-bau.de\/","name":"Teucher Bau","description":"","publisher":{"@id":"https:\/\/teucher-bau.de\/#organization"},"potentialAction":[{"@type":"SearchAction","target":{"@type":"EntryPoint","urlTemplate":"https:\/\/teucher-bau.de\/?s={search_term_string}"},"query-input":"required name=search_term_string"}],"inLanguage":"de"},{"@type":"ImageObject","@id":"https:\/\/teucher-bau.de\/?page_id=549#primaryimage","inLanguage":"de","url":"http:\/\/teucher-bau.de\/wp-content\/uploads\/2011\/12\/4.jpg","contentUrl":"http:\/\/teucher-bau.de\/wp-content\/uploads\/2011\/12\/4.jpg"},{"@type":"WebPage","@id":"https:\/\/teucher-bau.de\/?page_id=549#webpage","url":"https:\/\/teucher-bau.de\/?page_id=549","name":"Wirbelschwebebett Technik - Teucher Bau","isPartOf":{"@id":"https:\/\/teucher-bau.de\/#website"},"primaryImageOfPage":{"@id":"https:\/\/teucher-bau.de\/?page_id=549#primaryimage"},"datePublished":"2011-12-01T13:08:52+00:00","dateModified":"2013-08-06T11:16:43+00:00","breadcrumb":{"@id":"https:\/\/teucher-bau.de\/?page_id=549#breadcrumb"},"inLanguage":"de","potentialAction":[{"@type":"ReadAction","target":["https:\/\/teucher-bau.de\/?page_id=549"]}]},{"@type":"BreadcrumbList","@id":"https:\/\/teucher-bau.de\/?page_id=549#breadcrumb","itemListElement":[{"@type":"ListItem","position":1,"name":"Startseite","item":"https:\/\/teucher-bau.de\/"},{"@type":"ListItem","position":2,"name":"Wirbelschwebebett Technik"}]}]}},"_links":{"self":[{"href":"https:\/\/teucher-bau.de\/index.php?rest_route=\/wp\/v2\/pages\/549"}],"collection":[{"href":"https:\/\/teucher-bau.de\/index.php?rest_route=\/wp\/v2\/pages"}],"about":[{"href":"https:\/\/teucher-bau.de\/index.php?rest_route=\/wp\/v2\/types\/page"}],"author":[{"embeddable":true,"href":"https:\/\/teucher-bau.de\/index.php?rest_route=\/wp\/v2\/users\/1"}],"replies":[{"embeddable":true,"href":"https:\/\/teucher-bau.de\/index.php?rest_route=%2Fwp%2Fv2%2Fcomments&post=549"}],"version-history":[{"count":3,"href":"https:\/\/teucher-bau.de\/index.php?rest_route=\/wp\/v2\/pages\/549\/revisions"}],"predecessor-version":[{"id":668,"href":"https:\/\/teucher-bau.de\/index.php?rest_route=\/wp\/v2\/pages\/549\/revisions\/668"}],"wp:attachment":[{"href":"https:\/\/teucher-bau.de\/index.php?rest_route=%2Fwp%2Fv2%2Fmedia&parent=549"}],"curies":[{"name":"wp","href":"https:\/\/api.w.org\/{rel}","templated":true}]}}